{"id":49,"date":"2018-01-03T17:07:18","date_gmt":"2018-01-03T16:07:18","guid":{"rendered":"http:\/\/sfgechingen-faustball.de\/?page_id=49"},"modified":"2018-01-21T14:06:05","modified_gmt":"2018-01-21T13:06:05","slug":"geschichte","status":"publish","type":"page","link":"https:\/\/sfgechingen-faustball.de\/?page_id=49","title":{"rendered":"Geschichte"},"content":{"rendered":"\n\t\t<style type=\"text\/css\">\n\t\t\t#gallery-1 {\n\t\t\t\tmargin: auto;\n\t\t\t}\n\t\t\t#gallery-1 .gallery-item {\n\t\t\t\tfloat: left;\n\t\t\t\tmargin-top: 10px;\n\t\t\t\ttext-align: center;\n\t\t\t\twidth: 50%;\n\t\t\t}\n\t\t\t#gallery-1 img {\n\t\t\t\tborder: 2px solid #cfcfcf;\n\t\t\t}\n\t\t\t#gallery-1 .gallery-caption {\n\t\t\t\tmargin-left: 0;\n\t\t\t}\n\t\t\t\/* see gallery_shortcode() in wp-includes\/media.php *\/\n\t\t<\/style>\n\t\t<div id='gallery-1' class='gallery galleryid-49 gallery-columns-2 gallery-size-medium'><dl class='gallery-item'>\n\t\t\t<dt class='gallery-icon portrait'>\n\t\t\t\t<a href='https:\/\/sfgechingen-faustball.de\/?attachment_id=101'><img width=\"254\" height=\"300\" src=\"https:\/\/sfgechingen-faustball.de\/wp-content\/uploads\/2018\/01\/Urkunde-Historie-1960-Oben-254x300.jpg\" class=\"attachment-medium size-medium\" alt=\"\" decoding=\"async\" loading=\"lazy\" srcset=\"https:\/\/sfgechingen-faustball.de\/wp-content\/uploads\/2018\/01\/Urkunde-Historie-1960-Oben-254x300.jpg 254w, https:\/\/sfgechingen-faustball.de\/wp-content\/uploads\/2018\/01\/Urkunde-Historie-1960-Oben-768x908.jpg 768w, https:\/\/sfgechingen-faustball.de\/wp-content\/uploads\/2018\/01\/Urkunde-Historie-1960-Oben.jpg 796w\" sizes=\"(max-width: 254px) 100vw, 254px\" \/><\/a>\n\t\t\t<\/dt><\/dl><dl class='gallery-item'>\n\t\t\t<dt class='gallery-icon landscape'>\n\t\t\t\t<a href='https:\/\/sfgechingen-faustball.de\/?attachment_id=107'><img width=\"300\" height=\"246\" src=\"https:\/\/sfgechingen-faustball.de\/wp-content\/uploads\/2018\/01\/Urkunde-aufstieg-Oberliga-1972-Ausschnitt-300x246.jpg\" class=\"attachment-medium size-medium\" alt=\"\" decoding=\"async\" loading=\"lazy\" srcset=\"https:\/\/sfgechingen-faustball.de\/wp-content\/uploads\/2018\/01\/Urkunde-aufstieg-Oberliga-1972-Ausschnitt-300x246.jpg 300w, https:\/\/sfgechingen-faustball.de\/wp-content\/uploads\/2018\/01\/Urkunde-aufstieg-Oberliga-1972-Ausschnitt-768x631.jpg 768w, https:\/\/sfgechingen-faustball.de\/wp-content\/uploads\/2018\/01\/Urkunde-aufstieg-Oberliga-1972-Ausschnitt-1024x841.jpg 1024w, https:\/\/sfgechingen-faustball.de\/wp-content\/uploads\/2018\/01\/Urkunde-aufstieg-Oberliga-1972-Ausschnitt.jpg 1154w\" sizes=\"(max-width: 300px) 100vw, 300px\" \/><\/a>\n\t\t\t<\/dt><\/dl><br style=\"clear: both\" \/>\n\t\t<\/div>\n\n<p>Faustball wird in Gechingen seit 1959 gespielt. Los ging es auf einem Platz mitten im Wald, auf dem die ersten Begeisterten begannen das Spiel zu trainieren und Spieltage abzuhalten. Nach und nach stellten sich die Erfolge ein. Auf verschiedenen Turnieren konnten in den 60er Jahren immer wieder Erfolge eingefahren werden. In dieser Zeit spielten wir mit einer M\u00e4nnermannschaft in der Gau- oder Bezirksliga. Auch auf vielen Pokalturnieren waren wir mit wechselndem Erfolg unterwegs.<\/p>\n<p>Ab 1968 hatten wir auch die M\u00f6glichkeit in der Halle zu spielen. Aufgrund guter Kontakte zu der Bundeswehr in Calw konnten wir an den Wochenenden die Halle in der Kaserne nutzen.<\/p>\n<p>Ab Ende der 70er stellten sich erste Erfolge ein sowohl bei den M\u00e4nnern als auch bei der Jugend. Zu dieser Zeit begannen in der Jugend auch die ersten Faustballerinnen zu agieren.<\/p>\n<p>Aus dieser weiblichen Jugend entwickelte sich schnell eine sehr erfolgreiche Damenmannschaft. Mehrere Teilnahmen an der S\u00fcddeutschen und Deutschen Meisterschaft in den 80er Jahren\u00a0 zeugen von diesen Erfolgen.<\/p>\n\n\t\t<style type=\"text\/css\">\n\t\t\t#gallery-2 {\n\t\t\t\tmargin: auto;\n\t\t\t}\n\t\t\t#gallery-2 .gallery-item {\n\t\t\t\tfloat: left;\n\t\t\t\tmargin-top: 10px;\n\t\t\t\ttext-align: center;\n\t\t\t\twidth: 33%;\n\t\t\t}\n\t\t\t#gallery-2 img {\n\t\t\t\tborder: 2px solid #cfcfcf;\n\t\t\t}\n\t\t\t#gallery-2 .gallery-caption {\n\t\t\t\tmargin-left: 0;\n\t\t\t}\n\t\t\t\/* see gallery_shortcode() in wp-includes\/media.php *\/\n\t\t<\/style>\n\t\t<div id='gallery-2' class='gallery galleryid-49 gallery-columns-3 gallery-size-medium'><dl class='gallery-item'>\n\t\t\t<dt class='gallery-icon portrait'>\n\t\t\t\t<a href='https:\/\/sfgechingen-faustball.de\/?attachment_id=111'><img width=\"218\" height=\"300\" src=\"https:\/\/sfgechingen-faustball.de\/wp-content\/uploads\/2018\/01\/Urkunde-Mannschaft-1992-218x300.jpg\" class=\"attachment-medium size-medium\" alt=\"\" decoding=\"async\" loading=\"lazy\" srcset=\"https:\/\/sfgechingen-faustball.de\/wp-content\/uploads\/2018\/01\/Urkunde-Mannschaft-1992-218x300.jpg 218w, https:\/\/sfgechingen-faustball.de\/wp-content\/uploads\/2018\/01\/Urkunde-Mannschaft-1992-768x1057.jpg 768w, https:\/\/sfgechingen-faustball.de\/wp-content\/uploads\/2018\/01\/Urkunde-Mannschaft-1992-744x1024.jpg 744w, https:\/\/sfgechingen-faustball.de\/wp-content\/uploads\/2018\/01\/Urkunde-Mannschaft-1992.jpg 1275w\" sizes=\"(max-width: 218px) 100vw, 218px\" \/><\/a>\n\t\t\t<\/dt><\/dl><dl class='gallery-item'>\n\t\t\t<dt class='gallery-icon portrait'>\n\t\t\t\t<a href='https:\/\/sfgechingen-faustball.de\/?attachment_id=112'><img width=\"218\" height=\"300\" src=\"https:\/\/sfgechingen-faustball.de\/wp-content\/uploads\/2018\/01\/Urkunde-Maenner-1982-218x300.jpg\" class=\"attachment-medium size-medium\" alt=\"\" decoding=\"async\" loading=\"lazy\" srcset=\"https:\/\/sfgechingen-faustball.de\/wp-content\/uploads\/2018\/01\/Urkunde-Maenner-1982-218x300.jpg 218w, https:\/\/sfgechingen-faustball.de\/wp-content\/uploads\/2018\/01\/Urkunde-Maenner-1982-768x1057.jpg 768w, https:\/\/sfgechingen-faustball.de\/wp-content\/uploads\/2018\/01\/Urkunde-Maenner-1982-744x1024.jpg 744w, https:\/\/sfgechingen-faustball.de\/wp-content\/uploads\/2018\/01\/Urkunde-Maenner-1982.jpg 1275w\" sizes=\"(max-width: 218px) 100vw, 218px\" \/><\/a>\n\t\t\t<\/dt><\/dl><dl class='gallery-item'>\n\t\t\t<dt class='gallery-icon portrait'>\n\t\t\t\t<a href='https:\/\/sfgechingen-faustball.de\/?attachment_id=108'><img width=\"218\" height=\"300\" src=\"https:\/\/sfgechingen-faustball.de\/wp-content\/uploads\/2018\/01\/Urkunde-Historie-Frauen-1980-218x300.jpg\" class=\"attachment-medium size-medium\" alt=\"\" decoding=\"async\" loading=\"lazy\" srcset=\"https:\/\/sfgechingen-faustball.de\/wp-content\/uploads\/2018\/01\/Urkunde-Historie-Frauen-1980-218x300.jpg 218w, https:\/\/sfgechingen-faustball.de\/wp-content\/uploads\/2018\/01\/Urkunde-Historie-Frauen-1980-768x1057.jpg 768w, https:\/\/sfgechingen-faustball.de\/wp-content\/uploads\/2018\/01\/Urkunde-Historie-Frauen-1980-744x1024.jpg 744w, https:\/\/sfgechingen-faustball.de\/wp-content\/uploads\/2018\/01\/Urkunde-Historie-Frauen-1980.jpg 1275w\" sizes=\"(max-width: 218px) 100vw, 218px\" \/><\/a>\n\t\t\t<\/dt><\/dl><br style=\"clear: both\" \/>\n\t\t<\/div>\n\n<p>In den neunziger Jahren waren wir im wesentlichen mit 2 M\u00e4nnermannschaften am Spielbetrieb in der Gau-\/Bezirksliga und in der AK M30 beteiligt.<\/p>\n<p>Gegen Ende dieses Jahrzehnts ging es wieder aufw\u00e4rts. Sowohl in der Jugend als auch bei den Frauen kamen neue Mannschaften hinzu. In den Jahren zwischen 1998 und 2006 spielten bis zu 7 Mannschaften in den Punkterunden. Die M\u00e4nner der Altersklasse konnten sich im Bereich des Schw\u00e4bischen Turnerbundes in den oberen Klassen behaupten. Die Frauenmannschaft klopfte gar an das Tor zur 2.Liga.<\/p>\n<p>Altersbedingt gingen danach die Erfolge zur\u00fcck. Es gab noch einmla eine Jugendmannschaft, die sich erfreulich entwickelte, aber mit dem Ende des Jugendalters schnell wieder auseinander fiel.<\/p>\n<p>Seither konzentrieren sich die Gechinger Erfolge auf die Altersklassen. Zun\u00e4chst bei den M\u00e4nner 45 in der Verbandsliga W\u00fcrttemberg, in der wir fast immer einen guten Mittelplatz halten konnten. Dann der Wechsel zu den M\u00e4nner 55. Hier konnten wir in den letzten Jahren mehrmals die schw\u00e4bische Meisterkrone erringen. Bei den S\u00fcddeutschen Meisterschaften zahlten wir anfangs Lehrgeld. Aber in der Feldrunde 2015 holten wir uns den Titel in Zeulenroda. Die nachfolgende DM brachte uns wieder viel Erfahrungsgewinn aber wenig hinsichtlich der Platzierung. Noch ein 2. Mal konnten wir an der DM in der Halle teilnehmen und uns hier auch besser behaupten. Leider reichte es noch nicht zu einem durchschlagenden Erfolg, aber in der Platzierung kamen wir etwas weiter nach vorne.<\/p>\n\n\t\t<style type=\"text\/css\">\n\t\t\t#gallery-3 {\n\t\t\t\tmargin: auto;\n\t\t\t}\n\t\t\t#gallery-3 .gallery-item {\n\t\t\t\tfloat: left;\n\t\t\t\tmargin-top: 10px;\n\t\t\t\ttext-align: center;\n\t\t\t\twidth: 100%;\n\t\t\t}\n\t\t\t#gallery-3 img {\n\t\t\t\tborder: 2px solid #cfcfcf;\n\t\t\t}\n\t\t\t#gallery-3 .gallery-caption {\n\t\t\t\tmargin-left: 0;\n\t\t\t}\n\t\t\t\/* see gallery_shortcode() in wp-includes\/media.php *\/\n\t\t<\/style>\n\t\t<div id='gallery-3' class='gallery galleryid-49 gallery-columns-1 gallery-size-thumbnail'><dl class='gallery-item'>\n\t\t\t<dt class='gallery-icon portrait'>\n\t\t\t\t<a href='https:\/\/sfgechingen-faustball.de\/?attachment_id=223'><img width=\"150\" height=\"150\" src=\"https:\/\/sfgechingen-faustball.de\/wp-content\/uploads\/2018\/01\/DSCN5989_red-150x150.jpg\" class=\"attachment-thumbnail size-thumbnail\" alt=\"\" decoding=\"async\" loading=\"lazy\" \/><\/a>\n\t\t\t<\/dt><\/dl><br style=\"clear: both\" \/>\n\t\t<\/div>\n\n","protected":false},"excerpt":{"rendered":"<p>Faustball wird in Gechingen seit 1959 gespielt. Los ging es auf einem Platz mitten im Wald, auf dem die ersten Begeisterten begannen das Spiel zu trainieren und Spieltage abzuhalten. Nach und nach stellten sich die Erfolge ein. Auf verschiedenen Turnieren konnten in den 60er Jahren immer wieder Erfolge eingefahren werden. In dieser Zeit spielten wir [&hellip;]<\/p>\n","protected":false},"author":1,"featured_media":0,"parent":40,"menu_order":0,"comment_status":"closed","ping_status":"closed","template":"","meta":[],"acf":[],"_links":{"self":[{"href":"https:\/\/sfgechingen-faustball.de\/index.php?rest_route=\/wp\/v2\/pages\/49"}],"collection":[{"href":"https:\/\/sfgechingen-faustball.de\/index.php?rest_route=\/wp\/v2\/pages"}],"about":[{"href":"https:\/\/sfgechingen-faustball.de\/index.php?rest_route=\/wp\/v2\/types\/page"}],"author":[{"embeddable":true,"href":"https:\/\/sfgechingen-faustball.de\/index.php?rest_route=\/wp\/v2\/users\/1"}],"replies":[{"embeddable":true,"href":"https:\/\/sfgechingen-faustball.de\/index.php?rest_route=%2Fwp%2Fv2%2Fcomments&post=49"}],"version-history":[{"count":9,"href":"https:\/\/sfgechingen-faustball.de\/index.php?rest_route=\/wp\/v2\/pages\/49\/revisions"}],"predecessor-version":[{"id":224,"href":"https:\/\/sfgechingen-faustball.de\/index.php?rest_route=\/wp\/v2\/pages\/49\/revisions\/224"}],"up":[{"embeddable":true,"href":"https:\/\/sfgechingen-faustball.de\/index.php?rest_route=\/wp\/v2\/pages\/40"}],"wp:attachment":[{"href":"https:\/\/sfgechingen-faustball.de\/index.php?rest_route=%2Fwp%2Fv2%2Fmedia&parent=49"}],"curies":[{"name":"wp","href":"https:\/\/api.w.org\/{rel}","templated":true}]}}