{"id":40,"date":"2018-01-03T16:46:34","date_gmt":"2018-01-03T15:46:34","guid":{"rendered":"http:\/\/sfgechingen-faustball.de\/?page_id=40"},"modified":"2021-06-22T09:18:59","modified_gmt":"2021-06-22T07:18:59","slug":"faustball-sf-gechingen","status":"publish","type":"page","link":"https:\/\/sfgechingen-faustball.de\/","title":{"rendered":"Herzlich willkommen bei der Faustballabteilung der Sportfreunde Gechingen"},"content":{"rendered":"<p><img decoding=\"async\" loading=\"lazy\" class=\" wp-image-1591 aligncenter\" src=\"http:\/\/sfgechingen-faustball.de\/wp-content\/uploads\/2018\/03\/FaustballSFGFinal-300x116.png\" alt=\"\" width=\"274\" height=\"106\" srcset=\"https:\/\/sfgechingen-faustball.de\/wp-content\/uploads\/2018\/03\/FaustballSFGFinal-300x116.png 300w, https:\/\/sfgechingen-faustball.de\/wp-content\/uploads\/2018\/03\/FaustballSFGFinal-768x296.png 768w, https:\/\/sfgechingen-faustball.de\/wp-content\/uploads\/2018\/03\/FaustballSFGFinal-1024x395.png 1024w, https:\/\/sfgechingen-faustball.de\/wp-content\/uploads\/2018\/03\/FaustballSFGFinal-624x240.png 624w\" sizes=\"(max-width: 274px) 100vw, 274px\" \/><img decoding=\"async\" loading=\"lazy\" class=\"wp-image-185 aligncenter\" src=\"http:\/\/sfgechingen-faustball.de\/wp-content\/uploads\/2018\/01\/DSC_0990beschn-862x1024.jpg\" alt=\"\" width=\"369\" height=\"438\" srcset=\"https:\/\/sfgechingen-faustball.de\/wp-content\/uploads\/2018\/01\/DSC_0990beschn-862x1024.jpg 862w, https:\/\/sfgechingen-faustball.de\/wp-content\/uploads\/2018\/01\/DSC_0990beschn-253x300.jpg 253w, https:\/\/sfgechingen-faustball.de\/wp-content\/uploads\/2018\/01\/DSC_0990beschn-768x912.jpg 768w, https:\/\/sfgechingen-faustball.de\/wp-content\/uploads\/2018\/01\/DSC_0990beschn.jpg 1937w\" sizes=\"(max-width: 369px) 100vw, 369px\" \/><\/p>\n\n\n<p><strong>Termine:<\/strong> <br><strong>Wir k\u00f6nnen wieder trainieren, nachdem der Inzidenzwert f\u00fcr den Kreis Calw amtlich festgestellt &lt; 35 ist kann im Freien ohne Testung trainiert werden.<\/strong><\/p>\n\n\n\n<p>Unsere Trainigszeiten findet ihr <a href=\"http:\/\/sfgechingen-faustball.de\/?page_id=47\" data-type=\"page\" data-id=\"47\">hier<\/a><\/p>\n\n\n\n<p><strong>U16 weiblich<\/strong> \/ <strong>U16 m\u00e4nnlich:<\/strong><\/p>\n\n\n\n<p>Wir spielen in der Feldsaison 2021 mit einer gemischten U16 Mannschaft au\u00dfer Konkurrenz:<\/p>\n\n\n\n<p><strong>Spieltermine: <\/strong><br>Dienstag 29.06 18:00 Uhr, G\u00e4rtringen, Theodor Heuss Realschule<br>Samstag 03.07. 13:00 Uhr, tbd,<br>Samstag 17.07. 13:00 Uhr, tbd,<\/p>\n\n\n\n<p><strong>M\u00e4nner AK:<\/strong><\/p>\n\n\n\n<p><strong>Spieltermine M\u00e4nner 60:<\/strong><br>Dienstag 29.06. 18:00 Uhr, Suttgart-Rohr, Platz der SZ Rohr<br>Freitag 09.07. 18:00 Uhr, Denkendorf, Albert Schweizer Schule<\/p>\n\n\n\n<p class=\"has-light-gray-background-color has-text-color has-background has-medium-font-size\" style=\"color:#383c3e\"> <a href=\"https:\/\/faustball.de\/#\/club\/310\/teams\">Mannschaften auf Faustball-Ergebnisdienst<\/a> <\/p>\n","protected":false},"excerpt":{"rendered":"<p>Termine: Wir k\u00f6nnen wieder trainieren, nachdem der Inzidenzwert f\u00fcr den Kreis Calw amtlich festgestellt &lt; 35 ist kann im Freien ohne Testung trainiert werden. Unsere Trainigszeiten findet ihr hier U16 weiblich \/ U16 m\u00e4nnlich: Wir spielen in der Feldsaison 2021 mit einer gemischten U16 Mannschaft au\u00dfer Konkurrenz: Spieltermine: Dienstag 29.06 18:00 Uhr, G\u00e4rtringen, Theodor Heuss [&hellip;]<\/p>\n","protected":false},"author":1,"featured_media":0,"parent":0,"menu_order":0,"comment_status":"closed","ping_status":"closed","template":"page-templates\/front-page.php","meta":[],"acf":[],"_links":{"self":[{"href":"https:\/\/sfgechingen-faustball.de\/index.php?rest_route=\/wp\/v2\/pages\/40"}],"collection":[{"href":"https:\/\/sfgechingen-faustball.de\/index.php?rest_route=\/wp\/v2\/pages"}],"about":[{"href":"https:\/\/sfgechingen-faustball.de\/index.php?rest_route=\/wp\/v2\/types\/page"}],"author":[{"embeddable":true,"href":"https:\/\/sfgechingen-faustball.de\/index.php?rest_route=\/wp\/v2\/users\/1"}],"replies":[{"embeddable":true,"href":"https:\/\/sfgechingen-faustball.de\/index.php?rest_route=%2Fwp%2Fv2%2Fcomments&post=40"}],"version-history":[{"count":95,"href":"https:\/\/sfgechingen-faustball.de\/index.php?rest_route=\/wp\/v2\/pages\/40\/revisions"}],"predecessor-version":[{"id":1856,"href":"https:\/\/sfgechingen-faustball.de\/index.php?rest_route=\/wp\/v2\/pages\/40\/revisions\/1856"}],"wp:attachment":[{"href":"https:\/\/sfgechingen-faustball.de\/index.php?rest_route=%2Fwp%2Fv2%2Fmedia&parent=40"}],"curies":[{"name":"wp","href":"https:\/\/api.w.org\/{rel}","templated":true}]}}