{"id":35,"date":"2018-01-03T16:37:49","date_gmt":"2018-01-03T15:37:49","guid":{"rendered":"http:\/\/sfgechingen-faustball.de\/?page_id=35"},"modified":"2018-02-07T19:34:52","modified_gmt":"2018-02-07T18:34:52","slug":"mannschaften","status":"publish","type":"page","link":"https:\/\/sfgechingen-faustball.de\/?page_id=35","title":{"rendered":"Mannschaften"},"content":{"rendered":"<h3><strong>SF Bordelum (1. Ost)<br \/>\n<\/strong><\/h3>\n<p><img decoding=\"async\" loading=\"lazy\" class=\"size-medium wp-image-155 alignleft\" src=\"http:\/\/sfgechingen-faustball.de\/wp-content\/uploads\/2018\/01\/IMG_6013-300x225.jpg\" alt=\"\" width=\"300\" height=\"225\" srcset=\"https:\/\/sfgechingen-faustball.de\/wp-content\/uploads\/2018\/01\/IMG_6013-300x225.jpg 300w, https:\/\/sfgechingen-faustball.de\/wp-content\/uploads\/2018\/01\/IMG_6013-768x576.jpg 768w, https:\/\/sfgechingen-faustball.de\/wp-content\/uploads\/2018\/01\/IMG_6013-1024x768.jpg 1024w, https:\/\/sfgechingen-faustball.de\/wp-content\/uploads\/2018\/01\/IMG_6013.jpg 2048w\" sizes=\"(max-width: 300px) 100vw, 300px\" \/>Die Faustballsparte des Vereins \u201eSportfreunde Bordelum\u201c existiert seit mehr als 40 Jahren. Hier wird aktiv mit 2 Mannschaften an den Punktspielrunden in der Halle und auf dem Feld teilgenommen. In den letzten Jahren ist die Anzahl der aktiven Spieler und damit auch der Mannschaften, die in der n\u00f6rdlichsten Region von Deutschland Faustball spielen, deutlich zur\u00fcckgegangen. Umso mehr freuen wir uns, dass dieser Trend in unserer Faustballabteilung immer noch durch neue Mitglieder aufgefangen werden kann. Wir haben in den letzten Jahren regelm\u00e4\u00dfig an den deutschen Meisterschaften der Altersklassen M55 in der Halle und auch auf dem Feld teilgenommen. F\u00fcr uns ist es immer eine sch\u00f6ne Erfahrung gegen andere Mannschaften aus dem gesamten Bundesgebiet spielen zu k\u00f6nnen. Wir freuen uns jetzt auf die Teilnahme an der DM 60 in Gechingen.<\/p>\n<h3>FBC Offenburg (1. West)<\/h3>\n<p><img decoding=\"async\" loading=\"lazy\" class=\"size-medium wp-image-228 alignleft\" src=\"http:\/\/sfgechingen-faustball.de\/wp-content\/uploads\/2018\/01\/Mannschaft_M60-300x200.jpg\" alt=\"\" width=\"300\" height=\"200\" srcset=\"https:\/\/sfgechingen-faustball.de\/wp-content\/uploads\/2018\/01\/Mannschaft_M60-300x200.jpg 300w, https:\/\/sfgechingen-faustball.de\/wp-content\/uploads\/2018\/01\/Mannschaft_M60-768x512.jpg 768w, https:\/\/sfgechingen-faustball.de\/wp-content\/uploads\/2018\/01\/Mannschaft_M60-1024x683.jpg 1024w, https:\/\/sfgechingen-faustball.de\/wp-content\/uploads\/2018\/01\/Mannschaft_M60-624x416.jpg 624w, https:\/\/sfgechingen-faustball.de\/wp-content\/uploads\/2018\/01\/Mannschaft_M60.jpg 2041w\" sizes=\"(max-width: 300px) 100vw, 300px\" \/>Offenburg liegt in Baden zwischen Karlsruhe und Freiburg und hat ca. 60.000 Einwohner.<br \/>\nDer FBC Offenburg wurde im April 2014 gegr\u00fcndet und hat derzeit 160 Mitglieder. Er entstand aus der Fusion der beiden Offenburger Traditionsvereine Offenburger FG und FFW Offenburg. Im Jahr 1997 vereinbarten diese beiden Offenburger Spitzenvereine bereits eine Kooperation, die besagte, dass alle Mannschaften der Sportart Hallenfaustball unter dem Namen FFW starten, alle Teams im Feldfaustball unter Offenburger FG. Diese Ma\u00dfnahme sollte die Zukunft des Faustballsports in Offenburg sichern und gleichzeitig die Eigenst\u00e4ndigkeit beider Vereine garantieren. Diese Zusammenarbeit bew\u00e4hrte sich zwar bestens, ist aber nach den Entwicklungen der vergangenen Jahre nicht mehr zeitgem\u00e4\u00df. Aus diesem Grunde werden nun die Kr\u00e4fte beider Vereine seit 2014 in einem neuen Faustballverein geb\u00fcndelt.<br \/>\nSeit dem in Offenburg Faustball gespielt wird, konnten die einzelnen Mannschaften bereits zahlreiche Erfolge einfahren. In der Feldrunde 2015 gewannen die M\u00e4nner60 den insgesamt 50. deutschen Meistertitel f\u00fcr die Offenburger Faustballer.<br \/>\nZur Feldrunde 2016 feierte der FBC Offenburg ein weiteres besonderes Jubil\u00e4um. In dieser Spielzeit bestritt eine Offenburger Faustballmannschaft die 50. Saison in der 1. Faustball Bundesliga der M\u00e4nner.<\/p>\n<h3>ESV Rosenheim (1. S\u00fcd)<\/h3>\n<p><img decoding=\"async\" loading=\"lazy\" class=\"size-medium wp-image-346 alignleft\" src=\"http:\/\/sfgechingen-faustball.de\/wp-content\/uploads\/2018\/02\/rosenheim_neu-300x225.jpg\" alt=\"\" width=\"300\" height=\"225\" srcset=\"https:\/\/sfgechingen-faustball.de\/wp-content\/uploads\/2018\/02\/rosenheim_neu-300x225.jpg 300w, https:\/\/sfgechingen-faustball.de\/wp-content\/uploads\/2018\/02\/rosenheim_neu-768x576.jpg 768w, https:\/\/sfgechingen-faustball.de\/wp-content\/uploads\/2018\/02\/rosenheim_neu-1024x768.jpg 1024w, https:\/\/sfgechingen-faustball.de\/wp-content\/uploads\/2018\/02\/rosenheim_neu-624x468.jpg 624w, https:\/\/sfgechingen-faustball.de\/wp-content\/uploads\/2018\/02\/rosenheim_neu.jpg 1386w\" sizes=\"(max-width: 300px) 100vw, 300px\" \/>Erste Aufzeichnungen \u00fcber den Faustballsport beim ESV Rosenheim datieren auf das Jahr 1929. Offiziell gegr\u00fcndet wurde die Faustballabteilung 1952.<br \/>\nDie Spieler der M\u00e4nner M55 und M60 bilden den Kern der Mannschaft, die regelm\u00e4\u00dfig an der Punktrunde der Bezirksliga teilnimmt. Hier konnten zahlreiche Meistertitel sowohl im Feld als auch in der Halle errungen werden.<br \/>\nDie gr\u00f6\u00dften Erfolge der Vereinsgeschichte waren der Gewinn der S\u00fcddeutschen Meisterschaft der M\u00e4nner 55 im Feld 2008 und in der Halle 2017, sowie die Titel des deutschen Vizemeisters der M\u00e4nner 60 in der Halle 2013 und der M\u00e4nner 55 im Feld 2016. Den ersten Deutschen Meistertitel erreichten die M\u00e4nner M60 bei der Hallen-DM 2017 in Koblenz. Mit dem Gewinn der S\u00fcddeutschen Meisterschaften M60 in Schwieberdingen konnte sich der ESV auch in diesem Jahr wieder f\u00fcr die Deutsche Meisterschaft qualifizieren.<\/p>\n<h3>TV Elsava Elsenfeld (2. S\u00fcd)<\/h3>\n<p><img decoding=\"async\" loading=\"lazy\" class=\"size-medium wp-image-254 alignleft\" src=\"http:\/\/sfgechingen-faustball.de\/wp-content\/uploads\/2018\/01\/Zwischenablage01-1-300x201.png\" alt=\"\" width=\"300\" height=\"201\" srcset=\"https:\/\/sfgechingen-faustball.de\/wp-content\/uploads\/2018\/01\/Zwischenablage01-1-300x201.png 300w, https:\/\/sfgechingen-faustball.de\/wp-content\/uploads\/2018\/01\/Zwischenablage01-1.png 605w\" sizes=\"(max-width: 300px) 100vw, 300px\" \/>Zwischen Spessart und Odenwald bzw. zwischen Aschaffenburg und Miltenberg direkt am Main gelegen ist der TV Elsava Elsenfeld mit ca. 1.600 Mitgliedern der gr\u00f6\u00dfte Sportverein der 9.000 \u2013 Einwohner-Gemeinde. Faustball wird beim TVE sei 1925 gespielt, die Abteilungsgr\u00fcndung erfolgte 1933.<br \/>\nAb 1958 stellten sich dann die Erfolge auf Kreis-,Bezirks- u. Unterfr\u00e4nkischer Ebene ein. Auch auf Bayerischer Ebene war der Elsenfelder Faustball vertreten. Die erfolgreiche Damenmannschaft konnte bis die Bayernliga aufsteigen.<br \/>\nInternational reisten Elsenfelder Faustballer 2012 nach Brasilien und 2015 nach Chile.<br \/>\nNach 3. Platz 2015 und den Meisterschaften 2016 und 2017 im Feldfaustball wird bei der bevorstehenden Meisterschaft eine Platzierung unter den ersten 5 angestrebt.<br \/>\nWir w\u00fcnschen allen teilnehmenden Mannschaften verletzungsfreie und spannende Spiele sowie den ersehnten Erfolg.<\/p>\n<h3>ESV Dresden (3. S\u00fcd)<\/h3>\n<p><img decoding=\"async\" loading=\"lazy\" class=\"size-medium wp-image-299 alignleft\" src=\"http:\/\/sfgechingen-faustball.de\/wp-content\/uploads\/2018\/02\/SDM-Halle-2018-1-300x228.jpg\" alt=\"\" width=\"300\" height=\"228\" srcset=\"https:\/\/sfgechingen-faustball.de\/wp-content\/uploads\/2018\/02\/SDM-Halle-2018-1-300x228.jpg 300w, https:\/\/sfgechingen-faustball.de\/wp-content\/uploads\/2018\/02\/SDM-Halle-2018-1.jpg 768w, https:\/\/sfgechingen-faustball.de\/wp-content\/uploads\/2018\/02\/SDM-Halle-2018-1-624x474.jpg 624w\" sizes=\"(max-width: 300px) 100vw, 300px\" \/>Unsere Mannschaft vom ESV Dresden hat sich \u00fcber zahlreiche Erfolge in jungen Jahren auch in der Altersklasse einen guten Namen erspielt.<\/p>\n<p>So geh\u00f6rt man seit 25 Jahren oft mit zu den zehn besten Mannschaften Deutschlands. Wir w\u00fcnschen und erhoffen uns, dass dieser erfreuliche Weg, vor allen auch die Gesundheit, erhalten bleiben.<\/p>\n<p>Dem Veranstalter dieser Deutschen Meisterschaften w\u00fcnschen wir gutes Gelingen.<\/p>\n<h3>TSV Schwieberdingen (4. S\u00fcd)<\/h3>\n<p><img decoding=\"async\" loading=\"lazy\" class=\"size-medium wp-image-262 alignleft\" src=\"http:\/\/sfgechingen-faustball.de\/wp-content\/uploads\/2018\/01\/IMG_3082-Medium-300x225.jpg\" alt=\"\" width=\"300\" height=\"225\" srcset=\"https:\/\/sfgechingen-faustball.de\/wp-content\/uploads\/2018\/01\/IMG_3082-Medium-300x225.jpg 300w, https:\/\/sfgechingen-faustball.de\/wp-content\/uploads\/2018\/01\/IMG_3082-Medium-768x576.jpg 768w, https:\/\/sfgechingen-faustball.de\/wp-content\/uploads\/2018\/01\/IMG_3082-Medium.jpg 1024w, https:\/\/sfgechingen-faustball.de\/wp-content\/uploads\/2018\/01\/IMG_3082-Medium-624x468.jpg 624w\" sizes=\"(max-width: 300px) 100vw, 300px\" \/>Die Seniorengruppe (\u00dc 60) des TSV Schwieberdingen trainiert seit 2003 am Donnerstagnachmittag in der Felsenberghalle bzw. in der Feldsaison auf dem Rasenplatz. Neben Faustball sind sie au\u00dferdem im Winter beim Skifahren und im Sommer beim Radfahren aktiv.<br \/>\n<strong>Sportliche Erfolge in der M\u00e4nner 60 \u2013 Klasse:<br \/>\n<\/strong>Bei den Gaumeisterschaften, w\u00fcrttembergischen Meisterschaften, bei den s\u00fcddeutschen Meisterschaften und den Deutschen Meisterschaften waren die \u201ealten Cracks\u201c des TSV Schwieberdingen recht erfolgreich und gl\u00e4nzten mit guten Platzierungen.<br \/>\n<strong>W\u00fcrttembergische Meisterschaften:<br \/>\n<\/strong>3 x w\u00fcrttembergischer Meister<br \/>\n10 x w\u00fcrttembergischer Vizemeister<br \/>\n<strong>S\u00fcddeutsche Meisterschaften:<br \/>\n<\/strong>8 x Teilnahme (zwischen 2005 und 2018)<br \/>\n1 x Vizemeister<br \/>\n2 x Platz 3<br \/>\n<strong>Deutsche Meisterschaften:<br \/>\n<\/strong>6 x Teilnahme (2009 \u2013 2015)<br \/>\n1 x Platz 2 (Feldrunde 2014: Bamberg)<br \/>\n<strong>Deutsche Turnfeste:<br \/>\n<\/strong>8 x Teilnahme (1987 in Berlin \u2013 M 40 \u2013 bis 2017 &#8211; M 60)<br \/>\n1 x Vize-Turnfestsieger (2013: Rhein-Neckar-Region)<\/p>\n<h3>TSV Bayer Leverkusen (1. Nord)<\/h3>\n<p><img decoding=\"async\" loading=\"lazy\" class=\"size-medium wp-image-340 alignleft\" src=\"http:\/\/sfgechingen-faustball.de\/wp-content\/uploads\/2018\/02\/Bayer-Leverkusen-M60alle-17-18-300x169.jpg\" alt=\"\" width=\"300\" height=\"169\" srcset=\"https:\/\/sfgechingen-faustball.de\/wp-content\/uploads\/2018\/02\/Bayer-Leverkusen-M60alle-17-18-300x169.jpg 300w, https:\/\/sfgechingen-faustball.de\/wp-content\/uploads\/2018\/02\/Bayer-Leverkusen-M60alle-17-18-768x432.jpg 768w, https:\/\/sfgechingen-faustball.de\/wp-content\/uploads\/2018\/02\/Bayer-Leverkusen-M60alle-17-18-1024x576.jpg 1024w, https:\/\/sfgechingen-faustball.de\/wp-content\/uploads\/2018\/02\/Bayer-Leverkusen-M60alle-17-18-624x351.jpg 624w, https:\/\/sfgechingen-faustball.de\/wp-content\/uploads\/2018\/02\/Bayer-Leverkusen-M60alle-17-18.jpg 1152w\" sizes=\"(max-width: 300px) 100vw, 300px\" \/>Nachdem die Mannschaft in der Feldsaison ihre eigenen hohen Erwartungen bei der Deutschen Meisterschaft nicht erf\u00fcllen konnte, forcierte das Team die Anstrengungen, um in dieser Hallensaison ein Wort bei der Medaillenvergabe mitzusprechen. Neben der regen Trainingsteilnahme, startete die Mannschaft zus\u00e4tzlich bei der M\u00e4nner BzL, um das Zusammenspiel zu st\u00e4rken, da es auf Landesebene im M60-Bereich keine weiteren Gegner gibt. Die Mannschaft freut sich auf die Deutsche Meisterschaft in Gechingen und w\u00fcnscht allen Teilnehmern und Zuschauern gute Spiele und eine tolle Atmosph\u00e4re.<\/p>\n<h3>TSV Stelle (2. Nord)<\/h3>\n<h3><img decoding=\"async\" loading=\"lazy\" class=\"size-medium wp-image-257 alignleft\" src=\"http:\/\/sfgechingen-faustball.de\/wp-content\/uploads\/2018\/01\/NDM-M60-Leverkusen-2018-300x225.jpg\" alt=\"\" width=\"300\" height=\"225\" srcset=\"https:\/\/sfgechingen-faustball.de\/wp-content\/uploads\/2018\/01\/NDM-M60-Leverkusen-2018-300x225.jpg 300w, https:\/\/sfgechingen-faustball.de\/wp-content\/uploads\/2018\/01\/NDM-M60-Leverkusen-2018-768x576.jpg 768w, https:\/\/sfgechingen-faustball.de\/wp-content\/uploads\/2018\/01\/NDM-M60-Leverkusen-2018-1024x768.jpg 1024w, https:\/\/sfgechingen-faustball.de\/wp-content\/uploads\/2018\/01\/NDM-M60-Leverkusen-2018-624x468.jpg 624w, https:\/\/sfgechingen-faustball.de\/wp-content\/uploads\/2018\/01\/NDM-M60-Leverkusen-2018.jpg 1280w\" sizes=\"(max-width: 300px) 100vw, 300px\" \/><\/h3>\n<p>Der TSV Stelle von 1907\/19 e.V. ist ein Verein am Nordrand der L\u00fcneburger Heide und 15 km s\u00fcdlich von Hamburg gelegen. Faustball wird im TSV mit gro\u00dfer Tradition seit 1909 gespielt. Von 1975 bis 1979 geh\u00f6rte eine Mannschaft der 1. Bundesliga Nord an. Sp\u00e4ter nahm diese Mannschaft an zahlreichen Deutschen Meisterschaften in verschiedenen Altersklassen teil.<br \/>\nDie jetzige Mannschaft spielt seit 2012 in der Klasse M55. Gr\u00f6\u00dfter Erfolg war der Deutsche Meistertitel 2013 in der Halle in Bredstedt.<br \/>\nIn dieser Hallensaison k\u00f6nnen wir erstmals in der Klasse M60 starten und freuen uns sehr auf die Titelk\u00e4mpfe in Gechingen.<\/p>\n<h3>Ahlhorner SV (3. Nord)<\/h3>\n<h3><img decoding=\"async\" loading=\"lazy\" class=\"size-medium wp-image-325 alignleft\" src=\"http:\/\/sfgechingen-faustball.de\/wp-content\/uploads\/2018\/02\/ASVM60-300x225.jpg\" alt=\"\" width=\"300\" height=\"225\" srcset=\"https:\/\/sfgechingen-faustball.de\/wp-content\/uploads\/2018\/02\/ASVM60-300x225.jpg 300w, https:\/\/sfgechingen-faustball.de\/wp-content\/uploads\/2018\/02\/ASVM60-768x576.jpg 768w, https:\/\/sfgechingen-faustball.de\/wp-content\/uploads\/2018\/02\/ASVM60-1024x768.jpg 1024w, https:\/\/sfgechingen-faustball.de\/wp-content\/uploads\/2018\/02\/ASVM60-624x468.jpg 624w\" sizes=\"(max-width: 300px) 100vw, 300px\" \/><\/h3>\n<p>Im Ahlhorner SV betreiben viele FaustballspielerInnen auch freizeitm\u00e4\u00dfig Sport, z.B. in den verschiedenen Spielklassen oder in den Seniorenmannschaften.<br \/>\nDie meisten Herren auf diesem Bild spielen seit \u00fcber 45 Jahren zusammen, wurden 1984 in Ahlhorn Deutscher Meister bei den Frauen und den M\u00e4nnern. Danach starteten wir auch erfolgreich in den verschiedenen Altersklassen. Jetzt sind wir in der letzten Klasse angekommen und freuen uns auf ein Wiedersehen mit den anderen Vereinen!<\/p>\n<h3>SF Gechingen (Ausrichter)<\/h3>\n<p>Gechingen ist e<img decoding=\"async\" loading=\"lazy\" class=\"size-medium wp-image-255 alignleft\" src=\"http:\/\/sfgechingen-faustball.de\/wp-content\/uploads\/2018\/01\/DSCN6462_beschnitt-300x259.png\" alt=\"\" width=\"300\" height=\"259\" srcset=\"https:\/\/sfgechingen-faustball.de\/wp-content\/uploads\/2018\/01\/DSCN6462_beschnitt-300x259.png 300w, https:\/\/sfgechingen-faustball.de\/wp-content\/uploads\/2018\/01\/DSCN6462_beschnitt-768x664.png 768w, https:\/\/sfgechingen-faustball.de\/wp-content\/uploads\/2018\/01\/DSCN6462_beschnitt-1024x886.png 1024w, https:\/\/sfgechingen-faustball.de\/wp-content\/uploads\/2018\/01\/DSCN6462_beschnitt-624x540.png 624w\" sizes=\"(max-width: 300px) 100vw, 300px\" \/>in Ort mit ca. 3500 Einwohnern am Ostrand des Schwarzwalds in der Region Stuttgart. Die Sportfreunde Gechingen mit ca. 1500 Mitgliedern sind einer der gr\u00f6\u00dften Vereine im Kreis Calw. In der Faustballabteilung sind wir etwa 50 Mitglieder. Aktiv gespielt wird bei uns nur noch mit einer M55-Mannschaft, die in den letzten Jahren regelm\u00e4\u00dfig mit Erfolg an den S\u00fcddeutschen Meisterschaften teilgenommen hat. Jetzt k\u00f6nnen wir auch bei den M\u00e4nner 60 mitspielen.<br \/>\nAls Ausrichter haben wir nun das Gl\u00fcck direkt eine DM spielen zu k\u00f6nnen. Wir freuen uns auf unsere G\u00e4ste aus ganz Deutschland und hoffen, dass sich alle hier wohlf\u00fchlen, spannende Spiele erleben und auch gesund wieder nach Hause fahren k\u00f6nnen.<\/p>\n","protected":false},"excerpt":{"rendered":"<p>SF Bordelum (1. Ost) Die Faustballsparte des Vereins \u201eSportfreunde Bordelum\u201c existiert seit mehr als 40 Jahren. Hier wird aktiv mit 2 Mannschaften an den Punktspielrunden in der Halle und auf dem Feld teilgenommen. In den letzten Jahren ist die Anzahl der aktiven Spieler und damit auch der Mannschaften, die in der n\u00f6rdlichsten Region von Deutschland [&hellip;]<\/p>\n","protected":false},"author":1,"featured_media":0,"parent":26,"menu_order":0,"comment_status":"closed","ping_status":"closed","template":"","meta":[],"acf":[],"_links":{"self":[{"href":"https:\/\/sfgechingen-faustball.de\/index.php?rest_route=\/wp\/v2\/pages\/35"}],"collection":[{"href":"https:\/\/sfgechingen-faustball.de\/index.php?rest_route=\/wp\/v2\/pages"}],"about":[{"href":"https:\/\/sfgechingen-faustball.de\/index.php?rest_route=\/wp\/v2\/types\/page"}],"author":[{"embeddable":true,"href":"https:\/\/sfgechingen-faustball.de\/index.php?rest_route=\/wp\/v2\/users\/1"}],"replies":[{"embeddable":true,"href":"https:\/\/sfgechingen-faustball.de\/index.php?rest_route=%2Fwp%2Fv2%2Fcomments&post=35"}],"version-history":[{"count":23,"href":"https:\/\/sfgechingen-faustball.de\/index.php?rest_route=\/wp\/v2\/pages\/35\/revisions"}],"predecessor-version":[{"id":347,"href":"https:\/\/sfgechingen-faustball.de\/index.php?rest_route=\/wp\/v2\/pages\/35\/revisions\/347"}],"up":[{"embeddable":true,"href":"https:\/\/sfgechingen-faustball.de\/index.php?rest_route=\/wp\/v2\/pages\/26"}],"wp:attachment":[{"href":"https:\/\/sfgechingen-faustball.de\/index.php?rest_route=%2Fwp%2Fv2%2Fmedia&parent=35"}],"curies":[{"name":"wp","href":"https:\/\/api.w.org\/{rel}","templated":true}]}}