{"id":247,"date":"2018-01-24T00:11:03","date_gmt":"2018-01-23T23:11:03","guid":{"rendered":"http:\/\/sfgechingen-faustball.de\/?page_id=247"},"modified":"2019-10-20T21:42:17","modified_gmt":"2019-10-20T19:42:17","slug":"abendveranstaltung","status":"publish","type":"page","link":"https:\/\/sfgechingen-faustball.de\/?page_id=247","title":{"rendered":"Abendveranstaltung"},"content":{"rendered":"<p>F\u00fcr die Teilnehmer und ihre G\u00e4ste bei der DM in Gechingen planen wir f\u00fcr den Samstagabend ab 19:30 eine Abendveranstaltung.<\/p>\n<p>Wir wollen uns mit euch gem\u00fctlich zusammensetzen , etwas essen und gemeinsam die Meisterschaft feiern.<\/p>\n<p>Dazu bieten wir in unserem Sportheim Neunzehn21 ein Buffet zum Preis von 15.-\u20ac an. Den Betrag werden wir zusammen mit dem Meldegeld am Samstag morgen einziehen und euch entsprechende Gutscheine \u00fcberreichen.<\/p>\n<p>Ich bitte euch bei eurer Anmeldung anzugeben, ob und mit wieviel Personen ihr mit uns diesen Meisterschaftsabend feiern wollt. Damit k\u00f6nnen wir das Angebot f\u00fcr euch besser planen. Vielen Dank daf\u00fcr.<\/p>\n<p><a href=\"http:\/\/www.neunzehn21.com\"><img decoding=\"async\" loading=\"lazy\" class=\"header-image\" src=\"http:\/\/entwurf.neunzehn21.com\/wp-content\/uploads\/2016\/04\/cropped-weblogo4-1.jpg\" alt=\"\" width=\"963\" height=\"126\" \/><\/a><\/p>\n","protected":false},"excerpt":{"rendered":"<p>F\u00fcr die Teilnehmer und ihre G\u00e4ste bei der DM in Gechingen planen wir f\u00fcr den Samstagabend ab 19:30 eine Abendveranstaltung. Wir wollen uns mit euch gem\u00fctlich zusammensetzen , etwas essen und gemeinsam die Meisterschaft feiern. Dazu bieten wir in unserem Sportheim Neunzehn21 ein Buffet zum Preis von 15.-\u20ac an. Den Betrag werden wir zusammen mit [&hellip;]<\/p>\n","protected":false},"author":1,"featured_media":0,"parent":26,"menu_order":0,"comment_status":"closed","ping_status":"closed","template":"","meta":[],"acf":[],"_links":{"self":[{"href":"https:\/\/sfgechingen-faustball.de\/index.php?rest_route=\/wp\/v2\/pages\/247"}],"collection":[{"href":"https:\/\/sfgechingen-faustball.de\/index.php?rest_route=\/wp\/v2\/pages"}],"about":[{"href":"https:\/\/sfgechingen-faustball.de\/index.php?rest_route=\/wp\/v2\/types\/page"}],"author":[{"embeddable":true,"href":"https:\/\/sfgechingen-faustball.de\/index.php?rest_route=\/wp\/v2\/users\/1"}],"replies":[{"embeddable":true,"href":"https:\/\/sfgechingen-faustball.de\/index.php?rest_route=%2Fwp%2Fv2%2Fcomments&post=247"}],"version-history":[{"count":2,"href":"https:\/\/sfgechingen-faustball.de\/index.php?rest_route=\/wp\/v2\/pages\/247\/revisions"}],"predecessor-version":[{"id":250,"href":"https:\/\/sfgechingen-faustball.de\/index.php?rest_route=\/wp\/v2\/pages\/247\/revisions\/250"}],"up":[{"embeddable":true,"href":"https:\/\/sfgechingen-faustball.de\/index.php?rest_route=\/wp\/v2\/pages\/26"}],"wp:attachment":[{"href":"https:\/\/sfgechingen-faustball.de\/index.php?rest_route=%2Fwp%2Fv2%2Fmedia&parent=247"}],"curies":[{"name":"wp","href":"https:\/\/api.w.org\/{rel}","templated":true}]}}