{"id":1751,"date":"2019-10-20T21:36:55","date_gmt":"2019-10-20T19:36:55","guid":{"rendered":"http:\/\/sfgechingen-faustball.de\/?page_id=1751"},"modified":"2019-10-20T22:02:39","modified_gmt":"2019-10-20T20:02:39","slug":"jedermannturnier-2019","status":"publish","type":"page","link":"https:\/\/sfgechingen-faustball.de\/?page_id=1751","title":{"rendered":"Jedermannturnier 2019"},"content":{"rendered":"\n<p><strong>Jedermannturnier 2019<\/strong><br><\/p>\n\n\n\n<p>Jetzt hat es wieder mal geklappt. Am vergangenen Sonntag konnten wir das Jedermannturnier der Faustballer zum 11. Mal durchf\u00fchren. Die 4 gemeldeten Mannschaften ermitteleten in einer Vor- und Endrunde den Sieger. In der Vorrunde ging es bereits eng her; am ENde waren 3 Mannschaften punkltgleich und die Balldifferenz entschied \u00fcber die Platzierungen f\u00fcr die Endrunde.<\/p>\n\n\n\n<p>Hier trafen dann im Halbfinale Tennis auf &#8222;Faust auf`s Herz&#8220; und die Volleyballer auf die Faustballjugend. Im ersten Spiel wollte jede Mannschaft den Sieg davontragen; nach 3 S\u00e4tzen siegte am Ende Tennis. Auch die Faustballjugend wehrte sich wacker gegen die Volleyballer, musste sich aber zum Schluss der gr\u00f6\u00dferen Routine in der Ballbehandlung beugen.<\/p>\n\n\n\n<p>Im Spiel um Platz 3 waren die Jungen gleich wieder gefordert; Auch hier ging es knapp her, den Sieg eroberte dann &#8222;Faust auf\u00b4s Herz&#8220;<\/p>\n\n\n\n<p>Im Endspiel zwischen Tennis und Volleyball wechselte auch immer wieder die F\u00fchrung; den letzen und entscheidenden Ball gewannen aber zwei Mal die Volleyballer.<\/p>\n\n\n\n<p>Damit ist Volleyball der Sieger des 11. Gechinger Jedermannturniers der Faustballer. Herzlichen Gl\u00fcckwunsch hierzu.<\/p>\n\n\n\n<p>Und so sieht das komplette Ergebnis aus:<br>1. Volleyball<br>2. Tennis<br>3. Faust auf`s Herz (Badmintom)<br>4. Faustballjugend<br><a href=\"http:\/\/sfgechingen-faustball.de\/wp-content\/uploads\/2019\/10\/jedermann-Turnier-2019-Ergebnis.pdf\">http:\/\/sfgechingen-faustball.de\/wp-content\/uploads\/2019\/10\/jedermann-Turnier-2019-Ergebnis.pdf<\/a><\/p>\n\n\n\n<p>Wir bedanken uns bei allen Teilnehmern f\u00fcr das gute Turnier und bei allen Helfern und Unterst\u00fctzern f\u00fcr ihren Beitrag zum Gelingen der Veranstaltung.<br><\/p>\n\n\n\n<p>Auf ein Neues beim 12. Jedermannturnier.<\/p>\n\n\n\n<p><\/p>\n\n\n\n<p><\/p>\n","protected":false},"excerpt":{"rendered":"<p>Jedermannturnier 2019 Jetzt hat es wieder mal geklappt. Am vergangenen Sonntag konnten wir das Jedermannturnier der Faustballer zum 11. Mal durchf\u00fchren. Die 4 gemeldeten Mannschaften ermitteleten in einer Vor- und Endrunde den Sieger. In der Vorrunde ging es bereits eng her; am ENde waren 3 Mannschaften punkltgleich und die Balldifferenz entschied \u00fcber die Platzierungen f\u00fcr [&hellip;]<\/p>\n","protected":false},"author":1,"featured_media":1752,"parent":40,"menu_order":0,"comment_status":"closed","ping_status":"closed","template":"","meta":[],"acf":[],"_links":{"self":[{"href":"https:\/\/sfgechingen-faustball.de\/index.php?rest_route=\/wp\/v2\/pages\/1751"}],"collection":[{"href":"https:\/\/sfgechingen-faustball.de\/index.php?rest_route=\/wp\/v2\/pages"}],"about":[{"href":"https:\/\/sfgechingen-faustball.de\/index.php?rest_route=\/wp\/v2\/types\/page"}],"author":[{"embeddable":true,"href":"https:\/\/sfgechingen-faustball.de\/index.php?rest_route=\/wp\/v2\/users\/1"}],"replies":[{"embeddable":true,"href":"https:\/\/sfgechingen-faustball.de\/index.php?rest_route=%2Fwp%2Fv2%2Fcomments&post=1751"}],"version-history":[{"count":4,"href":"https:\/\/sfgechingen-faustball.de\/index.php?rest_route=\/wp\/v2\/pages\/1751\/revisions"}],"predecessor-version":[{"id":1758,"href":"https:\/\/sfgechingen-faustball.de\/index.php?rest_route=\/wp\/v2\/pages\/1751\/revisions\/1758"}],"up":[{"embeddable":true,"href":"https:\/\/sfgechingen-faustball.de\/index.php?rest_route=\/wp\/v2\/pages\/40"}],"wp:featuredmedia":[{"embeddable":true,"href":"https:\/\/sfgechingen-faustball.de\/index.php?rest_route=\/wp\/v2\/media\/1752"}],"wp:attachment":[{"href":"https:\/\/sfgechingen-faustball.de\/index.php?rest_route=%2Fwp%2Fv2%2Fmedia&parent=1751"}],"curies":[{"name":"wp","href":"https:\/\/api.w.org\/{rel}","templated":true}]}}