{"id":133,"date":"2018-01-09T23:14:09","date_gmt":"2018-01-09T22:14:09","guid":{"rendered":"http:\/\/sfgechingen-faustball.de\/?page_id=133"},"modified":"2018-01-23T23:31:26","modified_gmt":"2018-01-23T22:31:26","slug":"unterkunft","status":"publish","type":"page","link":"https:\/\/sfgechingen-faustball.de\/?page_id=133","title":{"rendered":"Unterkunft"},"content":{"rendered":"<p>Die hier aufgef\u00fchrten Unterk\u00fcnfte r\u00e4umen uns Rabatte ein, wenn ihr euch mit dem<br \/>\nStichwort &#8222;<strong>Faustball DM M\u00e4nner 60 Gechingen<\/strong>&#8220; anmeldet:<\/p>\n<table style=\"height: 483px;\" width=\"1200\">\n<tbody>\n<tr>\n<td width=\"250\">Hotel<\/td>\n<td width=\"250\">Adresse<\/td>\n<td width=\"300\">Website<\/td>\n<td width=\"250\">E-Mail<\/td>\n<\/tr>\n<tr>\n<td width=\"250\">Hotel Caf\u00e9 Drei Tannen<\/td>\n<td width=\"250\">Breite Heerstra\u00dfe 29<br \/>\n75365 Calw-Heumaden<\/td>\n<td width=\"300\"><a href=\"http:\/\/www.hotel-cafe-drei-tannen.de\">www.hotel-cafe-drei-tannen.de<\/a><\/td>\n<td width=\"250\"><a href=\"mailto:viola.eichinger@hotel-cafe-drei-tannen.de\">viola.eichinger@hotel-cafe-drei-tannen.de<\/a><\/td>\n<\/tr>\n<tr>\n<td>Hotel Garni Alte Post Calw<\/td>\n<td width=\"250\">Bahnhofstr. 1<br \/>\n75365 Calw<\/td>\n<td><a href=\"http:\/\/www.altepost-calw.de\/\">www.altepost-calw.de<\/a><\/td>\n<td><a href=\"mailto:alte-post@gmx.de\">alte-post@gmx.de<\/a><\/td>\n<\/tr>\n<tr>\n<td>Hotel B\u00e4ren<\/td>\n<td width=\"250\">Daimlerstra\u00dfe 11<br \/>\nD-71116 G\u00e4rtringen<\/td>\n<td><a href=\"http:\/\/www.hotel-baeren-gaertringen.de\/\">www.hotel-baeren-gaertringen.de<\/a><\/td>\n<td><a href=\"mailto:info@hotel-baeren-gaertringen.de\">info@hotel-baeren-gaertringen.de<\/a><\/td>\n<\/tr>\n<tr>\n<td>Feckls Apart<\/td>\n<td width=\"250\">Altdorfer Weg 2<br \/>\n71139 Ehningen<\/td>\n<td><a href=\"http:\/\/www.feckls-apart.com\/\">www.feckls-apart.com<\/a><\/td>\n<td><a href=\"mailto:info@feckls-apart.com\">info@feckls-apart.com<\/a><\/td>\n<\/tr>\n<tr>\n<td width=\"250\">Hotel &#8211; Restaurant Landhaus Feckl<\/td>\n<td width=\"250\">Keltenweg 1<br \/>\n71139 Ehningen<\/td>\n<td><a href=\"http:\/\/www.landhausfeckl.de\/\">www.landhausfeckl.de<\/a><\/td>\n<td><a href=\"mailto:info@landhausfeckl.de\">info@landhausfeckl.de<\/a><\/td>\n<\/tr>\n<tr>\n<td>H+ Hotel Stuttgart Herrenberg<\/td>\n<td width=\"250\">Daimlerstra\u00dfe 1<br \/>\n71083 Herrenberg-Stuttgart<\/td>\n<td><a href=\"http:\/\/www.h-hotels.com\/\">www.h-hotels.com<\/a><\/td>\n<td><a href=\"mailto:stuttgart.herrenberg@h-hotels.com\">stuttgart.herrenberg@h-hotels.com<\/a><\/td>\n<\/tr>\n<tr>\n<td>Hotel Restaurant Krone<\/td>\n<td width=\"250\">Marktplatz 10<br \/>\n75392 Deckenpfronn<\/td>\n<td><a href=\"http:\/\/www.krone-deckenpfronn.de\/\">www.krone-deckenpfronn.de<\/a><\/td>\n<td><a href=\"mailto:hotel@krone-deckenpfronn.de\">hotel@krone-deckenpfronn.de<\/a><\/td>\n<\/tr>\n<\/tbody>\n<\/table>\n","protected":false},"excerpt":{"rendered":"<p>Die hier aufgef\u00fchrten Unterk\u00fcnfte r\u00e4umen uns Rabatte ein, wenn ihr euch mit dem Stichwort &#8222;Faustball DM M\u00e4nner 60 Gechingen&#8220; anmeldet: Hotel Adresse Website E-Mail Hotel Caf\u00e9 Drei Tannen Breite Heerstra\u00dfe 29 75365 Calw-Heumaden www.hotel-cafe-drei-tannen.de viola.eichinger@hotel-cafe-drei-tannen.de Hotel Garni Alte Post Calw Bahnhofstr. 1 75365 Calw www.altepost-calw.de alte-post@gmx.de Hotel B\u00e4ren Daimlerstra\u00dfe 11 D-71116 G\u00e4rtringen www.hotel-baeren-gaertringen.de info@hotel-baeren-gaertringen.de Feckls [&hellip;]<\/p>\n","protected":false},"author":1,"featured_media":0,"parent":26,"menu_order":1,"comment_status":"closed","ping_status":"closed","template":"","meta":[],"acf":[],"_links":{"self":[{"href":"https:\/\/sfgechingen-faustball.de\/index.php?rest_route=\/wp\/v2\/pages\/133"}],"collection":[{"href":"https:\/\/sfgechingen-faustball.de\/index.php?rest_route=\/wp\/v2\/pages"}],"about":[{"href":"https:\/\/sfgechingen-faustball.de\/index.php?rest_route=\/wp\/v2\/types\/page"}],"author":[{"embeddable":true,"href":"https:\/\/sfgechingen-faustball.de\/index.php?rest_route=\/wp\/v2\/users\/1"}],"replies":[{"embeddable":true,"href":"https:\/\/sfgechingen-faustball.de\/index.php?rest_route=%2Fwp%2Fv2%2Fcomments&post=133"}],"version-history":[{"count":7,"href":"https:\/\/sfgechingen-faustball.de\/index.php?rest_route=\/wp\/v2\/pages\/133\/revisions"}],"predecessor-version":[{"id":241,"href":"https:\/\/sfgechingen-faustball.de\/index.php?rest_route=\/wp\/v2\/pages\/133\/revisions\/241"}],"up":[{"embeddable":true,"href":"https:\/\/sfgechingen-faustball.de\/index.php?rest_route=\/wp\/v2\/pages\/26"}],"wp:attachment":[{"href":"https:\/\/sfgechingen-faustball.de\/index.php?rest_route=%2Fwp%2Fv2%2Fmedia&parent=133"}],"curies":[{"name":"wp","href":"https:\/\/api.w.org\/{rel}","templated":true}]}}